{"id":3449,"date":"2025-10-06T19:51:58","date_gmt":"2025-10-06T19:51:58","guid":{"rendered":"https:\/\/clairereynaudart.eu\/?page_id=3449"},"modified":"2025-12-14T19:40:10","modified_gmt":"2025-12-14T19:40:10","slug":"ateliers","status":"publish","type":"page","link":"https:\/\/clairereynaudart.eu\/en\/ateliers\/","title":{"rendered":"Ateliers"},"content":{"rendered":"<div class=\"wp-block-uagb-container uagb-block-b058242a alignfull uagb-is-root-container\">\n<div class=\"wp-block-uagb-container uagb-block-85a16c6c\">\n<div class=\"wp-block-uagb-advanced-heading uagb-block-3dcd07cf\"><h3 class=\"uagb-heading-text\">Apprendre l&rsquo;aquarelle<\/h3><\/div>\n\n\n\n<div class=\"wp-block-uagb-advanced-heading uagb-block-a2f3d067\"><h1 class=\"uagb-heading-text\">Ateliers<\/h1><\/div>\n<\/div>\n<\/div>\n\n\n\n<div class=\"wp-block-uagb-container uagb-block-2f1bab44 alignfull uagb-is-root-container\"><div class=\"uagb-container-inner-blocks-wrap\">\n<div class=\"wp-block-uagb-advanced-heading uagb-block-9bb1d1e0\"><h2 class=\"uagb-heading-text\">Une parenth\u00e8se cr\u00e9ative<\/h2><\/div>\n\n\n\n<p>Mes ateliers d\u2019aquarelle sont pens\u00e9s comme des moments cr\u00e9atifs et accessibles \u00e0 tous.<br>Que ce soit dans mon studio ou en ext\u00e9rieur, ils sont l\u2019occasion d\u2019explorer la magie de l\u2019aquarelle : ses transparences, ses surprises, sa po\u00e9sie.<\/p>\n\n\n\n<p>Ici, pas de recherche de perfection, mais le plaisir de voir l\u2019eau et la couleur dialoguer, en se laissant porter entre ma\u00eetrise et l\u00e2cher-prise.<br>Dans une ambiance douce et bienveillante, chacun est invit\u00e9 \u00e0 d\u00e9couvrir ce langage subtil, \u00e0 son rythme, et \u00e0 vivre pleinement la joie de cr\u00e9er.<\/p>\n<\/div><\/div>\n\n\n\n<div class=\"wp-block-uagb-container uagb-block-e1577b8d alignfull uagb-is-root-container\"><div class=\"uagb-container-inner-blocks-wrap\"><\/div><\/div>\n\n\n\n<div class=\"wp-block-uagb-container uagb-block-6b2162ad alignfull uagb-is-root-container\"><div class=\"uagb-container-inner-blocks-wrap\">\n<div class=\"wp-block-uagb-advanced-heading uagb-block-f850a2f2\"><h2 class=\"uagb-heading-text\">Ateliers collectifs<\/h2><\/div>\n\n\n\n<div class=\"wp-block-uagb-advanced-heading uagb-block-72c700ec\"><p class=\"uagb-heading-text\">Les ateliers collectifs sont des moments conviviaux pour d\u00e9couvrir ou approfondir l&rsquo;aquarelle dans un cadre d\u00e9tendu. Les ateliers peuvent avoir lieu dans mon studio ou dans d&rsquo;autres lieux (salon de th\u00e9, espace culturel, etc).<\/p><\/div>\n\n\n\n<ul class=\"wp-block-list\">\n<li>Groupes de 3 \u00e0 8 participants<\/li>\n\n\n\n<li>Tout le mat\u00e9riel est fourni lors des ateliers.<\/li>\n\n\n\n<li>Possibilit\u00e9 de vous faire profiter de r\u00e9ductions pour l\u2019achat de palettes de peinture, papier ou pinceaux si souhait\u00e9.<\/li>\n<\/ul>\n\n\n\n<hr class=\"wp-block-separator has-alpha-channel-opacity\"\/>\n\n\n\n<div class=\"wp-block-columns is-layout-flex wp-container-core-columns-is-layout-28f84493 wp-block-columns-is-layout-flex\">\n<div class=\"wp-block-column is-layout-flow wp-block-column-is-layout-flow\">\n<p class=\"has-text-align-center\"><strong>Ateliers adultes<\/strong><\/p>\n\n\n\n<p>Atelier de 2h, de 20h \u00e0 22h ou de 9h \u00e0 11h, me contacter<\/p>\n\n\n\n<p>30 \u20ac \/ atelier, 200\u20ac pour une carte de 8 ateliers (soit 25\u20ac l\u2019atelier)<\/p>\n<\/div>\n\n\n\n<div class=\"wp-block-column is-layout-flow wp-block-column-is-layout-flow\">\n<p class=\"has-text-align-center\"><strong>Ateliers enfants<\/strong>\u00a0(\u00e0 partir de 6 ans)<\/p>\n\n\n\n<p>Atelier de 1h15, le samedi de 9h30 \u00e0 10h45 ou de 11h \u00e0 12h15<\/p>\n\n\n\n<p> 20 \u20ac \/ atelier<\/p>\n<\/div>\n<\/div>\n\n\n\n<p><\/p>\n\n\n\n<p><\/p>\n<\/div><\/div>\n\n\n\n<div class=\"wp-block-uagb-container uagb-block-ec0a46d0 alignfull uagb-is-root-container\"><div class=\"uagb-container-inner-blocks-wrap\"><\/div><\/div>\n\n\n\n<div class=\"wp-block-uagb-container uagb-block-148505d9 alignfull uagb-is-root-container\"><div class=\"uagb-container-inner-blocks-wrap\">\n<div class=\"wp-block-uagb-advanced-heading uagb-block-886995bd\"><h2 class=\"uagb-heading-text\">Ateliers en institution<\/h2><\/div>\n\n\n\n<div class=\"wp-block-uagb-advanced-heading uagb-block-f5b46cc5\"><p class=\"uagb-heading-text\">Je propose des ateliers pour des maisons de retraite. Les ateliers sont sp\u00e9cialement con\u00e7us pour les seniors, alliant d\u00e9tente, cr\u00e9ativit\u00e9 et bien-\u00eatre. Je me d\u00e9place avec tout le mat\u00e9riel n\u00e9cessaire et je g\u00e8re l&rsquo;installation et le rangement.<\/p><\/div>\n\n\n\n<ul class=\"wp-block-list\">\n<li>Dur\u00e9e : 1h, 1h30, 2h au choix.<\/li>\n\n\n\n<li>Tarif : 75 \u20ac pour 1h d\u2019atelier jusqu\u2019\u00e0 5 participants, puis 10\u20ac par participants suppl\u00e9mentaire jusqu\u2019\u00e0 8 participants<\/li>\n<\/ul>\n\n\n\n<p><\/p>\n\n\n\n<p><\/p>\n<\/div><\/div>\n\n\n\n<div class=\"wp-block-uagb-container uagb-block-c49b4819 alignfull uagb-is-root-container\"><div class=\"uagb-container-inner-blocks-wrap\"><\/div><\/div>\n\n\n\n<div class=\"wp-block-uagb-container uagb-block-30d355da alignfull uagb-is-root-container\"><div class=\"uagb-container-inner-blocks-wrap\">\n<div class=\"wp-block-uagb-advanced-heading uagb-block-9812a59b\"><h2 class=\"uagb-heading-text\">Ateliers individuels<\/h2><\/div>\n\n\n\n<p>Je propose des ateliers particuliers dans mon studio ou \u00e0 votre domicile, au choix, pour un accompagnement personnalis\u00e9 incluant tout le processus cr\u00e9atif, adapt\u00e9 \u00e0 votre rythme et \u00e0 vos envies.<\/p>\n\n\n\n<p>Tarif : 40 \u20ac \/ h,  mat\u00e9riel compris.<\/p>\n<\/div><\/div>","protected":false},"excerpt":{"rendered":"<p>Apprendre l&rsquo;aquarelle Ateliers Une parenth\u00e8se cr\u00e9ative Mes ateliers d\u2019aquarelle sont pens\u00e9s comme des moments cr\u00e9atifs et accessibles \u00e0 tous.Que ce soit dans mon studio ou en ext\u00e9rieur, ils sont l\u2019occasion d\u2019explorer la magie de l\u2019aquarelle : ses transparences, ses surprises, sa po\u00e9sie. Ici, pas de recherche de perfection, mais le plaisir de voir l\u2019eau et [&hellip;]<\/p>","protected":false},"author":1,"featured_media":0,"parent":0,"menu_order":0,"comment_status":"closed","ping_status":"closed","template":"","meta":{"_uag_custom_page_level_css":"","site-sidebar-layout":"default","site-content-layout":"","ast-site-content-layout":"default","site-content-style":"default","site-sidebar-style":"default","ast-global-header-display":"","ast-banner-title-visibility":"","ast-main-header-display":"","ast-hfb-above-header-display":"","ast-hfb-below-header-display":"","ast-hfb-mobile-header-display":"","site-post-title":"disabled","ast-breadcrumbs-content":"","ast-featured-img":"","footer-sml-layout":"","theme-transparent-header-meta":"enabled","adv-header-id-meta":"","stick-header-meta":"","header-above-stick-meta":"","header-main-stick-meta":"","header-below-stick-meta":"","astra-migrate-meta-layouts":"set","ast-page-background-enabled":"default","ast-page-background-meta":{"desktop":{"background-color":"var(--ast-global-color-4)","background-image":"","background-repeat":"repeat","background-position":"center center","background-size":"auto","background-attachment":"scroll","background-type":"","background-media":"","overlay-type":"","overlay-color":"","overlay-opacity":"","overlay-gradient":""},"tablet":{"background-color":"","background-image":"","background-repeat":"repeat","background-position":"center center","background-size":"auto","background-attachment":"scroll","background-type":"","background-media":"","overlay-type":"","overlay-color":"","overlay-opacity":"","overlay-gradient":""},"mobile":{"background-color":"","background-image":"","background-repeat":"repeat","background-position":"center center","background-size":"auto","background-attachment":"scroll","background-type":"","background-media":"","overlay-type":"","overlay-color":"","overlay-opacity":"","overlay-gradient":""}},"ast-content-background-meta":{"desktop":{"background-color":"var(--ast-global-color-5)","background-image":"","background-repeat":"repeat","background-position":"center center","background-size":"auto","background-attachment":"scroll","background-type":"","background-media":"","overlay-type":"","overlay-color":"","overlay-opacity":"","overlay-gradient":""},"tablet":{"background-color":"var(--ast-global-color-5)","background-image":"","background-repeat":"repeat","background-position":"center center","background-size":"auto","background-attachment":"scroll","background-type":"","background-media":"","overlay-type":"","overlay-color":"","overlay-opacity":"","overlay-gradient":""},"mobile":{"background-color":"var(--ast-global-color-5)","background-image":"","background-repeat":"repeat","background-position":"center center","background-size":"auto","background-attachment":"scroll","background-type":"","background-media":"","overlay-type":"","overlay-color":"","overlay-opacity":"","overlay-gradient":""}},"pgc_sgb_lightbox_settings":"","footnotes":""},"class_list":["post-3449","page","type-page","status-publish","hentry"],"aioseo_notices":[],"_hostinger_reach_plugin_has_subscription_block":false,"_hostinger_reach_plugin_is_elementor":false,"uagb_featured_image_src":{"full":false,"thumbnail":false,"medium":false,"medium_large":false,"large":false,"1536x1536":false,"2048x2048":false,"trp-custom-language-flag":false},"uagb_author_info":{"display_name":"studioaquarelle.claire@gmail.com","author_link":"https:\/\/clairereynaudart.eu\/en\/author\/studioaquarelle-clairegmail-com\/"},"uagb_comment_info":0,"uagb_excerpt":"Apprendre l&rsquo;aquarelle Ateliers Une parenth\u00e8se cr\u00e9ative Mes ateliers d\u2019aquarelle sont pens\u00e9s comme des moments cr\u00e9atifs et accessibles \u00e0 tous.Que ce soit dans mon studio ou en ext\u00e9rieur, ils sont l\u2019occasion d\u2019explorer la magie de l\u2019aquarelle : ses transparences, ses surprises, sa po\u00e9sie. Ici, pas de recherche de perfection, mais le plaisir de voir l\u2019eau et&hellip;","_links":{"self":[{"href":"https:\/\/clairereynaudart.eu\/en\/wp-json\/wp\/v2\/pages\/3449","targetHints":{"allow":["GET"]}}],"collection":[{"href":"https:\/\/clairereynaudart.eu\/en\/wp-json\/wp\/v2\/pages"}],"about":[{"href":"https:\/\/clairereynaudart.eu\/en\/wp-json\/wp\/v2\/types\/page"}],"author":[{"embeddable":true,"href":"https:\/\/clairereynaudart.eu\/en\/wp-json\/wp\/v2\/users\/1"}],"replies":[{"embeddable":true,"href":"https:\/\/clairereynaudart.eu\/en\/wp-json\/wp\/v2\/comments?post=3449"}],"version-history":[{"count":27,"href":"https:\/\/clairereynaudart.eu\/en\/wp-json\/wp\/v2\/pages\/3449\/revisions"}],"predecessor-version":[{"id":3698,"href":"https:\/\/clairereynaudart.eu\/en\/wp-json\/wp\/v2\/pages\/3449\/revisions\/3698"}],"wp:attachment":[{"href":"https:\/\/clairereynaudart.eu\/en\/wp-json\/wp\/v2\/media?parent=3449"}],"curies":[{"name":"wp","href":"https:\/\/api.w.org\/{rel}","templated":true}]}}