{"id":804,"date":"2025-08-22T09:01:53","date_gmt":"2025-08-22T09:01:53","guid":{"rendered":"http:\/\/clairereynaudart.eu\/history\/"},"modified":"2025-11-12T22:13:09","modified_gmt":"2025-11-12T22:13:09","slug":"apropos","status":"publish","type":"page","link":"https:\/\/clairereynaudart.eu\/en\/apropos\/","title":{"rendered":"A propos"},"content":{"rendered":"<div class=\"wp-block-uagb-container uagb-block-b058242a alignfull uagb-is-root-container\">\n<div class=\"wp-block-uagb-container uagb-block-85a16c6c\">\n<div class=\"wp-block-uagb-advanced-heading uagb-block-3dcd07cf\"><h3 class=\"uagb-heading-text\">About us<\/h3><\/div>\n\n\n\n<div class=\"wp-block-uagb-advanced-heading uagb-block-a2f3d067\"><h1 class=\"uagb-heading-text\">A PROPOS<\/h1><\/div>\n<\/div>\n<\/div>\n\n\n\n<div class=\"wp-block-uagb-container uagb-block-d4b8fe2b alignfull uagb-is-root-container\">\n<div class=\"wp-block-uagb-container uagb-block-2f1bab44\">\n<div class=\"wp-block-uagb-advanced-heading uagb-block-18612481\"><h6 class=\"uagb-heading-text\">DERRIERE LES PINCEAUX<\/h6><\/div>\n\n\n\n<p><em><mark style=\"background-color:rgba(0, 0, 0, 0)\" class=\"has-inline-color has-ast-global-color-2-color\">\u00ab\u00a0L&rsquo;aquarelle se peint \u00e0 deux mains, la notre et celle de l&rsquo;eau, entre contr\u00f4le et l\u00e2cher prise\u00a0\u00bb<\/mark><\/em><\/p>\n\n\n\n<div class=\"wp-block-uagb-advanced-heading uagb-block-9bb1d1e0\"><h2 class=\"uagb-heading-text\">L&rsquo;artiste<\/h2><\/div>\n\n\n\n<div class=\"wp-block-uagb-advanced-heading uagb-block-3a2fbaa6\"><p class=\"uagb-heading-text\">Depuis toujours, le dessin m&rsquo;accompagne. Petite, je r\u00eavais de devenir dessinatrice, un crayon toujours \u00e0 la main. La vie m&rsquo;a d&rsquo;abord men\u00e9e ailleurs, mais cette passion est rest\u00e9e comme une promesse silencieuse.<\/p><\/div>\n\n\n\n<p>Puis sont arriv\u00e9s mes enfants, et avec eux une pause bienvenue. C&rsquo;est alors que j&rsquo;ai crois\u00e9 l&rsquo;aquarelle. J&rsquo;ai repris mes traits et voulu les habiller de couleurs. La nuit je m&rsquo;installais sur un petit coin de table, explorant pigments et eau. Guid\u00e9e par l&rsquo;envie et l&rsquo;\u00e9merveillement, j&rsquo;ai appris en autodidacte et exp\u00e9riment\u00e9 avec patience, d\u00e9veloppant peu \u00e0 peu ma technique et mon univers artistique.<\/p>\n\n\n\n<p>Aujourd&rsquo;hui, l&rsquo;aquarelle est une passion que je souhaite partager. A travers mes tableaux, mais aussi mes ateliers, en pr\u00e9sentiel comme en ligne,  je transmets ce plaisir de cr\u00e9er, voir na\u00eetre et danser les couleurs et les histoires qu&rsquo;elles racontent.<\/p>\n\n\n\n<div class=\"wp-block-uagb-advanced-heading uagb-block-cd81e471\"><\/div>\n<\/div>\n\n\n\n<div class=\"wp-block-uagb-container uagb-block-6bcc50c8\">\n<div class=\"wp-block-uagb-image alignleft uagb-block-a1fce2fe wp-block-uagb-image--layout-default wp-block-uagb-image--effect-static wp-block-uagb-image--align-left\"><figure class=\"wp-block-uagb-image__figure\"><img decoding=\"async\" srcset=\"https:\/\/clairereynaudart.eu\/wp-content\/uploads\/2025\/10\/image.jpg ,https:\/\/clairereynaudart.eu\/wp-content\/uploads\/2025\/10\/image.jpg 780w, https:\/\/clairereynaudart.eu\/wp-content\/uploads\/2025\/10\/image.jpg 360w\" sizes=\"auto, (max-width: 480px) 150px\" src=\"https:\/\/clairereynaudart.eu\/wp-content\/uploads\/2025\/10\/image.jpg\" alt=\"\" class=\"uag-image-3521\" width=\"1278\" height=\"1704\" title=\"Claire\" loading=\"lazy\" role=\"img\"\/><\/figure><\/div>\n<\/div>\n<\/div>","protected":false},"excerpt":{"rendered":"<p>About us A PROPOS DERRIERE LES PINCEAUX \u00ab\u00a0L&rsquo;aquarelle se peint \u00e0 deux mains, la notre et celle de l&rsquo;eau, entre contr\u00f4le et l\u00e2cher prise\u00a0\u00bb L&rsquo;artiste Depuis toujours, le dessin m&rsquo;accompagne. Petite, je r\u00eavais de devenir dessinatrice, un crayon toujours \u00e0 la main. La vie m&rsquo;a d&rsquo;abord men\u00e9e ailleurs, mais cette passion est rest\u00e9e comme une [&hellip;]<\/p>","protected":false},"author":1,"featured_media":0,"parent":0,"menu_order":0,"comment_status":"closed","ping_status":"closed","template":"","meta":{"_uag_custom_page_level_css":"","site-sidebar-layout":"default","site-content-layout":"","ast-site-content-layout":"default","site-content-style":"default","site-sidebar-style":"default","ast-global-header-display":"","ast-banner-title-visibility":"","ast-main-header-display":"","ast-hfb-above-header-display":"","ast-hfb-below-header-display":"","ast-hfb-mobile-header-display":"","site-post-title":"disabled","ast-breadcrumbs-content":"","ast-featured-img":"","footer-sml-layout":"","theme-transparent-header-meta":"enabled","adv-header-id-meta":"","stick-header-meta":"","header-above-stick-meta":"","header-main-stick-meta":"","header-below-stick-meta":"","astra-migrate-meta-layouts":"set","ast-page-background-enabled":"default","ast-page-background-meta":{"desktop":{"background-color":"var(--ast-global-color-4)","background-image":"","background-repeat":"repeat","background-position":"center center","background-size":"auto","background-attachment":"scroll","background-type":"","background-media":"","overlay-type":"","overlay-color":"","overlay-opacity":"","overlay-gradient":""},"tablet":{"background-color":"","background-image":"","background-repeat":"repeat","background-position":"center center","background-size":"auto","background-attachment":"scroll","background-type":"","background-media":"","overlay-type":"","overlay-color":"","overlay-opacity":"","overlay-gradient":""},"mobile":{"background-color":"","background-image":"","background-repeat":"repeat","background-position":"center center","background-size":"auto","background-attachment":"scroll","background-type":"","background-media":"","overlay-type":"","overlay-color":"","overlay-opacity":"","overlay-gradient":""}},"ast-content-background-meta":{"desktop":{"background-color":"var(--ast-global-color-5)","background-image":"","background-repeat":"repeat","background-position":"center center","background-size":"auto","background-attachment":"scroll","background-type":"","background-media":"","overlay-type":"","overlay-color":"","overlay-opacity":"","overlay-gradient":""},"tablet":{"background-color":"var(--ast-global-color-5)","background-image":"","background-repeat":"repeat","background-position":"center center","background-size":"auto","background-attachment":"scroll","background-type":"","background-media":"","overlay-type":"","overlay-color":"","overlay-opacity":"","overlay-gradient":""},"mobile":{"background-color":"var(--ast-global-color-5)","background-image":"","background-repeat":"repeat","background-position":"center center","background-size":"auto","background-attachment":"scroll","background-type":"","background-media":"","overlay-type":"","overlay-color":"","overlay-opacity":"","overlay-gradient":""}},"pgc_sgb_lightbox_settings":"","footnotes":""},"class_list":["post-804","page","type-page","status-publish","hentry"],"aioseo_notices":[],"_hostinger_reach_plugin_has_subscription_block":false,"_hostinger_reach_plugin_is_elementor":false,"uagb_featured_image_src":{"full":false,"thumbnail":false,"medium":false,"medium_large":false,"large":false,"1536x1536":false,"2048x2048":false,"trp-custom-language-flag":false},"uagb_author_info":{"display_name":"studioaquarelle.claire@gmail.com","author_link":"https:\/\/clairereynaudart.eu\/en\/author\/studioaquarelle-clairegmail-com\/"},"uagb_comment_info":0,"uagb_excerpt":"About us A PROPOS DERRIERE LES PINCEAUX \u00ab\u00a0L&rsquo;aquarelle se peint \u00e0 deux mains, la notre et celle de l&rsquo;eau, entre contr\u00f4le et l\u00e2cher prise\u00a0\u00bb L&rsquo;artiste Depuis toujours, le dessin m&rsquo;accompagne. Petite, je r\u00eavais de devenir dessinatrice, un crayon toujours \u00e0 la main. La vie m&rsquo;a d&rsquo;abord men\u00e9e ailleurs, mais cette passion est rest\u00e9e comme une&hellip;","_links":{"self":[{"href":"https:\/\/clairereynaudart.eu\/en\/wp-json\/wp\/v2\/pages\/804","targetHints":{"allow":["GET"]}}],"collection":[{"href":"https:\/\/clairereynaudart.eu\/en\/wp-json\/wp\/v2\/pages"}],"about":[{"href":"https:\/\/clairereynaudart.eu\/en\/wp-json\/wp\/v2\/types\/page"}],"author":[{"embeddable":true,"href":"https:\/\/clairereynaudart.eu\/en\/wp-json\/wp\/v2\/users\/1"}],"replies":[{"embeddable":true,"href":"https:\/\/clairereynaudart.eu\/en\/wp-json\/wp\/v2\/comments?post=804"}],"version-history":[{"count":21,"href":"https:\/\/clairereynaudart.eu\/en\/wp-json\/wp\/v2\/pages\/804\/revisions"}],"predecessor-version":[{"id":3688,"href":"https:\/\/clairereynaudart.eu\/en\/wp-json\/wp\/v2\/pages\/804\/revisions\/3688"}],"wp:attachment":[{"href":"https:\/\/clairereynaudart.eu\/en\/wp-json\/wp\/v2\/media?parent=804"}],"curies":[{"name":"wp","href":"https:\/\/api.w.org\/{rel}","templated":true}]}}